{"id":63550,"date":"2021-11-29T08:48:44","date_gmt":"2021-11-29T07:48:44","guid":{"rendered":"https:\/\/www.care4care-trainings.de\/?page_id=63550"},"modified":"2024-05-29T09:06:36","modified_gmt":"2024-05-29T07:06:36","slug":"hilfe-kontaktinformationen","status":"publish","type":"page","link":"https:\/\/www.care4care-trainings.de\/?page_id=63550","title":{"rendered":"Kontakt &#038; Hilfe"},"content":{"rendered":"<h1 class=\"text-center mb-5\">Kontakt &amp; Hilfe<\/h1>\n                                    <div class=\"row\">\n                            <div class=\"col-lg-6\">\n                    <div class=\"card user-detail-box\">\n                        <div class=\"box-header\">\n                            <h4>Bei technischen Fragen<\/h4>\n                        <\/div>\n                        <div class=\"box-body\">\n                            <ul class=\"list-unstyled mb-0\">            \n                                <li><i aria-hidden=\"true\" class=\"fas fa-user-friends mr-2\"><\/i><span class=\"sr-only\">Name: <\/span>Tim Mallwitz<\/li>\n                                                                                                            <li><i aria-hidden=\"true\" class=\"far fa-envelope mr-2\"><\/i><a href=\"mailto:care4care@th-luebeck.de\"><span class=\"sr-only\">E-Mail: <\/span>care4care@th-luebeck.de<\/a><\/li>\n                                                                                                                                <\/ul>\n                        <\/div>\n                    <\/div>\n                <\/div>\n                                                <div class=\"col-lg-6\">\n                    <div class=\"card user-detail-box\">\n                        <div class=\"box-header\">\n                            <h4>Bei inhaltlichen Fragen<\/h4>\n                        <\/div>\n                        <div class=\"box-body\">\n                            <ul class=\"list-unstyled mb-0\">            \n                                <li><i aria-hidden=\"true\" class=\"fas fa-user-friends mr-2\"><\/i><span class=\"sr-only\">Name: <\/span>Leif Bo\u00df<\/li>\n                                                                                                            <li><i aria-hidden=\"true\" class=\"far fa-envelope mr-2\"><\/i><a href=\"mailto:care4care@leuphana.de\"><span class=\"sr-only\">E-Mail: <\/span>care4care@leuphana.de<\/a><\/li>\n                                                                                                                                <\/ul>\n                        <\/div>\n                    <\/div>\n                <\/div>\n                        <\/div> <!--row-->\n                        \r\n\r\n<h2 class=\"mt-4\">H\u00e4ufig gestellte Fragen (FAQ)<\/h2>\r\n\r\n<div id=\"accordion493200364\" class=\"card ts-accordion \">\n  <div class=\"card-header schriftgroesse \" id=\"card-heading493200364\">\n    <button class=\"btn btn-link collapsed accordiontitle \" data-toggle=\"collapse\"\n      data-target=\"#collapsethis493200364\" data-parent=\"#accordion493200364\" aria-expanded=\"false\"\n      aria-controls=\"collapsethis493200364\">\n              <i class=\"fas fa-plus ts-accordion-plus\"><\/i>\n      Kann ich meinen Benutzernamen \u00e4ndern?\n    <\/button>\n  <\/div>\n  <div id=\"collapsethis493200364\" class=\"collapse \" aria-labelledby=\"card-heading493200364\" data-parent=\"#accordion493200364\">\n    <div class=\"accordion-inner card-body \">\n      \r\n<p>Das \u00c4ndern des Benutzernamens ist nicht m\u00f6glich.<\/p>\r\n\n    <\/div>\n  <\/div>\n<\/div>\r\n\r\n<div id=\"accordion573086186\" class=\"card ts-accordion \">\n  <div class=\"card-header schriftgroesse \" id=\"card-heading573086186\">\n    <button class=\"btn btn-link collapsed accordiontitle \" data-toggle=\"collapse\"\n      data-target=\"#collapsethis573086186\" data-parent=\"#accordion573086186\" aria-expanded=\"false\"\n      aria-controls=\"collapsethis573086186\">\n              <i class=\"fas fa-plus ts-accordion-plus\"><\/i>\n      Kann ich meine E-Mail-Adresse \u00e4ndern?\n    <\/button>\n  <\/div>\n  <div id=\"collapsethis573086186\" class=\"collapse \" aria-labelledby=\"card-heading573086186\" data-parent=\"#accordion573086186\">\n    <div class=\"accordion-inner card-body \">\n      \r\n<p>Sie k\u00f6nnen die mit Ihrem Account verkn\u00fcpfte E-Mail-Adresse auf Ihrer Profil-Seite \u00e4ndern. F\u00fcr diesen Vorgang m\u00fcssen Sie auf der Plattform angemeldet sein.<\/p>\r\n\n    <\/div>\n  <\/div>\n<\/div>\r\n\r\n<div id=\"accordion327904760\" class=\"card ts-accordion \">\n  <div class=\"card-header schriftgroesse \" id=\"card-heading327904760\">\n    <button class=\"btn btn-link collapsed accordiontitle \" data-toggle=\"collapse\"\n      data-target=\"#collapsethis327904760\" data-parent=\"#accordion327904760\" aria-expanded=\"false\"\n      aria-controls=\"collapsethis327904760\">\n              <i class=\"fas fa-plus ts-accordion-plus\"><\/i>\n      Kann ich mein Passwort \u00e4ndern?\n    <\/button>\n  <\/div>\n  <div id=\"collapsethis327904760\" class=\"collapse \" aria-labelledby=\"card-heading327904760\" data-parent=\"#accordion327904760\">\n    <div class=\"accordion-inner card-body \">\n      \r\n<p>Sie k\u00f6nnen das Passwort f\u00fcr Ihren Account auf Ihrer Profil-Seite \u00e4ndern. F\u00fcr diesen Vorgang m\u00fcssen Sie auf der Plattform angemeldet sein.<\/p>\r\n\n    <\/div>\n  <\/div>\n<\/div>\r\n\r\n<div id=\"accordion1784516657\" class=\"card ts-accordion \">\n  <div class=\"card-header schriftgroesse \" id=\"card-heading1784516657\">\n    <button class=\"btn btn-link collapsed accordiontitle \" data-toggle=\"collapse\"\n      data-target=\"#collapsethis1784516657\" data-parent=\"#accordion1784516657\" aria-expanded=\"false\"\n      aria-controls=\"collapsethis1784516657\">\n              <i class=\"fas fa-plus ts-accordion-plus\"><\/i>\n      Was kann ich tun, wenn ich mein Passwort vergessen habe?\n    <\/button>\n  <\/div>\n  <div id=\"collapsethis1784516657\" class=\"collapse \" aria-labelledby=\"card-heading1784516657\" data-parent=\"#accordion1784516657\">\n    <div class=\"accordion-inner card-body \">\n      \r\n<p>Klicken Sie auf der Anmelde-Seite auf \u201ePasswort vergessen?\u201c und geben Sie im darauf erscheinenden Formular Ihren Benutzernamen oder Ihre E-Mail-Adresse an. Sie erhalten eine E-Mail, in der Sie Ihr Passwort f\u00fcr Ihren Account zur\u00fccksetzen k\u00f6nnen.<\/p>\r\n\n    <\/div>\n  <\/div>\n<\/div>\r\n\r\n<div id=\"accordion1956109193\" class=\"card ts-accordion \">\n  <div class=\"card-header schriftgroesse \" id=\"card-heading1956109193\">\n    <button class=\"btn btn-link collapsed accordiontitle \" data-toggle=\"collapse\"\n      data-target=\"#collapsethis1956109193\" data-parent=\"#accordion1956109193\" aria-expanded=\"false\"\n      aria-controls=\"collapsethis1956109193\">\n              <i class=\"fas fa-plus ts-accordion-plus\"><\/i>\n      Ich habe keine E-Mail zum \u00c4ndern meines Passworts erhalten. Was kann ich tun?\n    <\/button>\n  <\/div>\n  <div id=\"collapsethis1956109193\" class=\"collapse \" aria-labelledby=\"card-heading1956109193\" data-parent=\"#accordion1956109193\">\n    <div class=\"accordion-inner card-body \">\n      \r\n<p>Die E-Mail zum Setzen bzw. \u00c4ndern des Passworts erscheint unter Umst\u00e4nden im Spam-Ordner Ihres E-Mail-Programms. \u00dcberpr\u00fcfen Sie zun\u00e4chst, ob sich die E-Mail in diesem Ordner befindet.<\/p>\r\n\r\n<p>Wenn Sie die E-Mail zum Setzen des Passworts nicht finden k\u00f6nnen, wenden Sie sich bitte mit Ihrem Anliegen an folgende E-Mail-Adresse: <a href=\"mailto:care4care@th-luebeck.de\">care4care@th-luebeck.de<\/a><\/p>\r\n\n    <\/div>\n  <\/div>\n<\/div>\r\n\r\n<div id=\"accordion1507057301\" class=\"card ts-accordion \">\n  <div class=\"card-header schriftgroesse \" id=\"card-heading1507057301\">\n    <button class=\"btn btn-link collapsed accordiontitle \" data-toggle=\"collapse\"\n      data-target=\"#collapsethis1507057301\" data-parent=\"#accordion1507057301\" aria-expanded=\"false\"\n      aria-controls=\"collapsethis1507057301\">\n              <i class=\"fas fa-plus ts-accordion-plus\"><\/i>\n      Kann ich die Inhalte auch \u00fcber mein mobiles Ger\u00e4t betrachten?\n    <\/button>\n  <\/div>\n  <div id=\"collapsethis1507057301\" class=\"collapse \" aria-labelledby=\"card-heading1507057301\" data-parent=\"#accordion1507057301\">\n    <div class=\"accordion-inner card-body \">\n      \r\n<p>Ja, Sie k\u00f6nnen die \u00fcber dieses System erzeugten Inhalte auch \u00fcber Ihr mobiles Ger\u00e4t betrachten.<\/p>\r\n<p>Wir empfehlen jedoch, eher einen Tablet-PC und weniger ein Smartphone zu verwenden, da Online-Trainings eine intensive inhaltliche Auseinandersetzung erfordern und die Inhalte zu gro\u00dfen Teilen aus Texten, Bildern und Videos bestehen. Diese sind auf dem Smartphone zwar generell problemlos zu betrachten, auf einem etwas gr\u00f6\u00dferem Ger\u00e4t ist jedoch von einer besseren Nutzungserfahrung auszugehen.<\/p>\r\n\n    <\/div>\n  <\/div>\n<\/div><div class=\"modal fade\" id=\"inactive-modal\" data-userlogged =\"0\"  role=\"dialog\" aria-labelledby=\"inactive-modal-label\"\n    aria-hidden=\"true\" hidden style=\"overflow: auto;\">\n    <div class=\"modal-dialog modal-lg modal-dialog-centered\" role=\"document\">\n        <div class=\"modal-content\">\n            <div class=\"modal-header\">\n                <h3 class=\"modal-title\" id=\"inactive-modal-title-label\">Zeit\u00fcberschreitung der Browsersitzung<\/h3>\n                <button type=\"button\" class=\"close\" data-dismiss=\"modal\" aria-label=\"Close\">\n                    <span aria-hidden=\"true\">&times;<\/span>\n                <\/button>\n            <\/div>\n            <div class=\"modal-body\">\n              <p class=\"mb-0\">Sie haben das System l\u00e4ngere Zeit nicht mehr genutzt. Aus Sicherheitsgr\u00fcnden werden Sie automatisch aus dem System abgemeldet.\n              <\/p>\n            <\/div>\n            <div class=\"modal-footer\">\n                    <button type=\"button\" class=\"btn btn-secondary mr-auto\" data-dismiss=\"modal\" style=\"float: left;\">Abbrechen<\/button>\n                    <button id=\"continue-session\" type=\"button\" class=\"btn btn-primary\" data-dismiss=\"modal\">Sitzung fortsetzen <span class=\"countdown\"><\/span><\/button>\n            <\/div>\n        <\/div>\n    <\/div>\n<\/div>\n\n\n<div class=\"modal fade\" id=\"logged-out-modal\" role=\"dialog\" aria-labelledby=\"logged-out-modal-label\"\n    aria-hidden=\"true\" hidden style=\"overflow: auto;\">\n    <div class=\"modal-dialog modal-lg modal-dialog-centered\" role=\"document\">\n        <div class=\"modal-content\">\n            <div class=\"modal-header\">\n                <h3 class=\"modal-title\" id=\"logged-out-modal-title-label\">Zeit\u00fcberschreitung der Browsersitzung<\/h3>\n                <button type=\"button\" class=\"close\" data-dismiss=\"modal\" aria-label=\"Close\">\n                    <span aria-hidden=\"true\">&times;<\/span>\n                <\/button>\n            <\/div>\n            <div class=\"modal-body\">\n              <p class=\"mb-0\">Sie haben das System l\u00e4ngere Zeit nicht mehr genutzt. Zu Ihrer eigenen Sicherheit wurden Sie daher automatisch aus dem System abgemeldet.\n              <\/p>\n            <\/div>\n            <div class=\"modal-footer\">\n                <a id=\"continue-session-done\" href=\"https:\/\/www.care4care-trainings.de\" role=\"button\" class=\"btn btn-primary\">Zur Startseite<\/a>\n            <\/div>\n        <\/div>\n    <\/div>\n<\/div> ","protected":false},"excerpt":{"rendered":"H\u00e4ufig gestellte Fragen (FAQ) Zeit\u00fcberschreitung der Browsersitzung &times; Sie haben das System l\u00e4ngere Zeit nicht mehr genutzt. Aus Sicherheitsgr\u00fcnden werden Sie automatisch aus dem System abgemeldet. Abbrechen Sitzung fortsetzen Zeit\u00fcberschreitung der Browsersitzung &times; Sie haben das System l\u00e4ngere Zeit nicht mehr genutzt. Zu Ihrer eigenen Sicherheit wurden Sie daher automatisch aus dem System abgemeldet. Zur&hellip;","protected":false},"author":1,"featured_media":0,"parent":0,"menu_order":0,"comment_status":"closed","ping_status":"closed","template":"","meta":{"footnotes":""},"class_list":["post-63550","page","type-page","status-publish","hentry"],"_links":{"self":[{"href":"https:\/\/www.care4care-trainings.de\/index.php?rest_route=\/wp\/v2\/pages\/63550","targetHints":{"allow":["GET"]}}],"collection":[{"href":"https:\/\/www.care4care-trainings.de\/index.php?rest_route=\/wp\/v2\/pages"}],"about":[{"href":"https:\/\/www.care4care-trainings.de\/index.php?rest_route=\/wp\/v2\/types\/page"}],"author":[{"embeddable":true,"href":"https:\/\/www.care4care-trainings.de\/index.php?rest_route=\/wp\/v2\/users\/1"}],"replies":[{"embeddable":true,"href":"https:\/\/www.care4care-trainings.de\/index.php?rest_route=%2Fwp%2Fv2%2Fcomments&post=63550"}],"version-history":[{"count":40,"href":"https:\/\/www.care4care-trainings.de\/index.php?rest_route=\/wp\/v2\/pages\/63550\/revisions"}],"predecessor-version":[{"id":63552,"href":"https:\/\/www.care4care-trainings.de\/index.php?rest_route=\/wp\/v2\/pages\/63550\/revisions\/63552"}],"wp:attachment":[{"href":"https:\/\/www.care4care-trainings.de\/index.php?rest_route=%2Fwp%2Fv2%2Fmedia&parent=63550"}],"curies":[{"name":"wp","href":"https:\/\/api.w.org\/{rel}","templated":true}]}}