{"id":61685,"date":"2021-10-06T15:56:34","date_gmt":"2021-10-06T13:56:34","guid":{"rendered":"https:\/\/www.care4care-trainings.de\/?page_id=61685"},"modified":"2022-11-14T15:43:21","modified_gmt":"2022-11-14T14:43:21","slug":"selbstkritik_info","status":"publish","type":"page","link":"https:\/\/www.care4care-trainings.de\/?page_id=61685","title":{"rendered":"Namah. Sei gut zu dir_Info"},"content":{"rendered":"<h2 class=\"mt-0\">NAMAH. SEI GUT ZU DIR<\/h2>\r\n\r\n<h3 class=\"mt-0\">Vom Gl\u00fcck, unvollkommen sein zu d\u00fcrfen.<\/h3>\r\n<img loading=\"lazy\" decoding=\"async\" src=\"https:\/\/www.care4care-trainings.de\/wp-content\/uploads\/2022\/11\/Header_namah-einfach.png\" alt=\"\" width=\"1580\" height=\"679\" class=\"alignnone size-full wp-image-75026 w-100 img-fluid \" srcset=\"https:\/\/www.care4care-trainings.de\/wp-content\/uploads\/2022\/11\/Header_namah-einfach.png 1580w, https:\/\/www.care4care-trainings.de\/wp-content\/uploads\/2022\/11\/Header_namah-einfach-300x129.png 300w, https:\/\/www.care4care-trainings.de\/wp-content\/uploads\/2022\/11\/Header_namah-einfach-1024x440.png 1024w, https:\/\/www.care4care-trainings.de\/wp-content\/uploads\/2022\/11\/Header_namah-einfach-768x330.png 768w, https:\/\/www.care4care-trainings.de\/wp-content\/uploads\/2022\/11\/Header_namah-einfach-1536x660.png 1536w\" sizes=\"auto, (max-width: 1580px) 100vw, 1580px\" \/>\r\n<h3 class=\"mt-0\">&#8230;f\u00fcr einen achtsamen Umgang mit sich &#038; ein gest\u00e4rktes Selbst.<\/h3>\r\n\r\n<br>\r\n<h3 class=\"mt-0\">Herzlich Willkommen<\/h3>\r\n<p>bei unserem Training f\u00fcr einen achtsameren und gelasseneren Umgang mit sich selbst f\u00fcr Besch\u00e4ftigte in der Pflege.<\/p>\r\n\r\n<h4>Sch\u00f6n, dass Sie hier sind!<\/h4>\r\n<br>\r\n\r\n<p>Manche Menschen gehen mit den Unzul\u00e4nglichkeiten von Freunden wohlwollend um, sind jedoch sehr kritisch gegen\u00fcber sich selbst, wenn mal etwas nicht perfekt l\u00e4uft. Wie w\u00e4re es zu lernen, mit sich selbst so gut umzugehen wie mit den besten Freunden?<\/p>\r\n\r\n<p>M\u00f6chten Sie endlich gelassener bleiben, wenn Ihnen etwas nicht gelingt? Achtsamer mit sich umgehen? Sich endlich wieder etwas zutrauen, anstatt sich durch Selbstzweifel von Aufgaben und Zielen verunsichern zu lassen? Es ist an der Zeit etwas f\u00fcr sich selbst und das eigene Wohlbefinden zu tun?<\/p>\r\n\r\n<h4>Dann sind Sie hier genau richtig!<\/h4>\r\n<br>\r\n\r\n<br>\r\n<h3>ERFAHREN SIE AUF DIESER SEITE MEHR&#8230;<\/h3>\r\n\r\n<p>&#8230;rund um das Online-Training und die Studie. Die ersten 200 Interessenten laden wir zu einem kostenfreien Zugang zu allen 7 Trainingslektionen, inklusive unterst\u00fctzender App und begleitendem Coaching, ein!<\/p>\r\n\r\n<div class=\"accordion-inner p-4 mb-4\">\r\n<h3 class=\"mt-0\">ANMELDUNG<\/h3>\r\n<p>Hier k\u00f6nnen Sie sich kostenlos f\u00fcr eine Studienteilnahme anmelden. Bitte beachten Sie: Eine Teilnahme am Training &#8222;Namah. sei gut zu dir&#8220; im Rahmen des Care4Care-Programmes ist nur f\u00fcr Pflegekr\u00e4fte m\u00f6glich.<\/p>\r\n\r\n<div class=\"ts-forms-form-61710 \">\n                        <div data-formindex=\"0\" data-formid=\"61710\" class=\"py-2 ts-forms-formwrapper   \">\n                            <div class=\"form-group  \">\n        <input id=\"tsform-field-4127-0\"\n    type=\"email\"\n    placeholder=\"E-Mail Adresse\"\n    maxlength=\"\"\n    class=\"ts-forms-element form-control \"\n        data-fieldid=\"4127\"\n    \n            required\n        \n        >\n            <span class=\"help-block text-danger d-none\">Dieses Feld muss ausgef\u00fcllt werden.<\/span>\n        <\/div>                    <\/div>                <\/div>\r\n<button class=\"btn btn-primary mx-1 mb-3 tsformsSubmitButton \" data-link=\"\" \n            data-extendedfeedback=\"true\" data-extendedfeedbackModalid=\"f61d833d41f4356177a8d5a24a384cfebc73b330540ebe0b6c2e4a4859aa3e74\" data-extendedfeedbacktext=\"Ihre Eingaben wurden erfolgreich gesendet.\" data-extendedfeedbacktextfail=\"Ihre Eingaben konnten leider nicht versendet werden. Bitte versuchen Sie es erneut.\"\n    >\n    Absenden\n<\/button>\n    <div class=\"modal\" id=\"tsformsExtendedFeedbackModal-f61d833d41f4356177a8d5a24a384cfebc73b330540ebe0b6c2e4a4859aa3e74\" tabindex=\"-1\" role=\"dialog\" aria-hidden=\"true\">\n        <div class=\"modal-dialog modal-md modal-dialog-centered\" role=\"document\">\n            <div class=\"modal-content\">\n                <div class=\"modal-body\" style=\"text-align: center\">\n                    <h1 class=\"display-1\" id=\"tsformsExtendedFeedbackModal-f61d833d41f4356177a8d5a24a384cfebc73b330540ebe0b6c2e4a4859aa3e74-icon\"> <\/h1>\n                    <h1 class=\"tsformsExtendedFeedbackModalText\"><\/h1>\n                <\/div>\n            <\/div>\n        <\/div>\n    <\/div>\n\r\n\r\n<p><strong>Wir freuen uns auf Sie!<\/strong><\/p>\r\n<p>Lina Ringelmann (M.Sc. Psych.)<\/p>\r\n\r\n<br>\r\n<h4>Sind Sie BGF-Berater:in,-Verantwortliche:r oder suchen Sie nicht f\u00fcr sich selbst Unterst\u00fctzung?<\/h4>\r\n<p class=\"mb-4\">Falls Sie nicht f\u00fcr sich selbst Unterst\u00fctzung suchen, sondern Informationen zum Training oder zu wissenschaftlichen Fragen suchen, kontaktieren Sie gerne die Projektleitung unter <a href=\"namah@leuphana.de\">namah@leuphana.de<\/a>.\r\nWir lassen Ihnen dann weitere Informationen zum Training zukommen.<\/p>\r\n\r\n<h4>Haben Sie sich bereits f\u00fcr das Training angemeldet und m\u00f6chten sich einloggen?<\/h4>\r\n<p class=\"mb-4\">Falls Sie sich bereits f\u00fcr das Training angemeldet und einen Benutzernamen von uns bekommen haben, k\u00f6nnen Sie sich <a href=\"https:\/\/coach.geton-training.de\/wp-login.php?redirect_to=https%3A%2F%2Fcoach.geton-training.de\">hier<\/a> einloggen.<\/p>\r\n<\/div>\r\n\r\n<br>\r\n<h3>WORUM GEHT ES BEI NAMAH. SEI GUT ZU DIR?<\/h3>\r\n<p class=\"mb-4\">Die Art und Weise, wie wir mit unseren eigenen Fehlern und Unvollkommenheiten umgehen, kann einen enormen Einfluss auf unsere psychische Gesundheit nehmen. So kann harsche Selbstkritik negative Gef\u00fchle, wie Scham und Schuld, verst\u00e4rken. Auch geht ein selbstkritischer Umgang oft mit Gedanken des Selbstzweifelns und der Unsicherheit einher \u2013 ein Teufelskreis scheint vorprogrammiert! Die F\u00f6rderung von Mitgef\u00fchl mit sich selbst kann zu einem h\u00f6heren Wohlbefinden beitragen.<\/p>\r\n\r\n<p>So ist es das Ziel des Trainings, langfristig gut zu sich zu sein und gelassener mit den eigenen Fehlern umzugehen, um Stress minimieren und das eigene Wohlbefinden steigern zu k\u00f6nnen.<\/p>\r\n\r\n<br>\r\n<h3>WAS IST DAS ZIEL?<\/h3>\r\n<p class=\"mb-4\">Wir m\u00f6chten verschiedene Methoden untersuchen, um wohlwollender mit sich selbst und den eigenen Fehlern umzugehen. Hierzu gibt es zwei verschiedene M\u00f6glichkeiten. So kann im Rahmen unserer Studie entweder (A) ein Online-Training absolviert werden oder (B) an der Thematik zun\u00e4chst mit einem \u00dcbungsbuch gearbeitet und das Online-Training zus\u00e4tzlich nach einer Wartezeit von 6 Monaten absolviert werden. <\/p>\r\n<p>Wir m\u00f6chten ganz genau untersuchen, wie gut diese verschiedenen M\u00f6glichkeiten dazu beitragen, Stress zu reduzieren und die psychische Gesundheit zu verbessern.<\/p>\r\n<p>Das wissenschaftliche Vorgehen erfordert es, dass ein Los entscheiden wird, ob Sie anhand des Buches oder des Online-Trainings \u00fcben. Beides stellen wir kostenfrei zur Verf\u00fcgung und m\u00f6chten Sie anhand kurzer Online-Frageb\u00f6gen zu drei verschiedenen Zeitpunkten (vor und nach dem Training sowie nach 6 Monaten) nach Ihrem Befinden befragen. F\u00fcr die wissenschaftliche Evaluation ist weiterhin wichtig, Ihnen trainingsbegleitend w\u00f6chentlich kurze Fragen zu Ihrer Gesundheit zu stellen.<\/p>\r\n\r\n<br>\r\n<h3>WELCHE INHALTE ERWARTEN MICH IM ONLINE-TRAINING?<\/h3>\r\n<p class=\"mb-4\">Im Online-Training lernen Sie z.B. wie Sie mit perfektionistischen Tendenzen umgehen k\u00f6nnen, sich realistische Ziele zu setzen und mit Erwartungen von au\u00dfen umzugehen. Weiterhin k\u00f6nnen Sie M\u00f6glichkeiten f\u00fcr selbstunterst\u00fctzendes Verhalten sowie den Umgang mit schwierigen Gef\u00fchlen kennenlernen und werden dazu eingeladen, Ihre achtsame Wahrnehmung zu schulen. Es werden verschiedene \u00dcbungen angeboten, die sich ganz einfach in den Alltag integrieren lassen. Anhand einer unterst\u00fctzenden App haben Sie zus\u00e4tzlich die M\u00f6glichkeit, verschiedene Audio-\u00dcbungen und Meditationen mobil abzuspielen.<\/p>\r\n<p>Trainingsbegleitend wird ein pers\u00f6nliches Coaching durch ausgebildete Psychologinnen angeboten.<\/p>\r\n\r\n<br>\r\n<h3>WIE IST DAS ONLINE-TRAINING AUFGEBAUT?<\/h3>\r\n<p class=\"mb-4\">Das Online-Training setzt sich aus 7 Einheiten zusammen. Wir empfehlen, sich pro Woche jeweils mit einer Trainingseinheit zu besch\u00e4ftigen. Eine Einheit dauert ca. 60-90 Minuten und kann flexibel zu jeder Zeit in individuellem Tempo durchgef\u00fchrt werden. Ebenso besteht die M\u00f6glichkeit, diese zu unterbrechen und zu einem sp\u00e4teren Zeitpunkt fortzufahren. Auch nach der Studienteilnahme steht Ihnen das Training weiterhin zur Verf\u00fcgung.<\/p>\r\n\r\n<br>\r\n<h3>WAS ERWARTET MICH IM TRAINING MIT DEM BUCH?<\/h3>\r\n<p class=\"mb-4\">Eine andere M\u00f6glichkeit Selbstkritik zu reduzieren und zu lernen liebevoller mit sich selbst umzugehen bietet das \u00dcbungsbuch. Es ist gut 120 Seiten kurz, abwechslungsreich und unterhaltsam gestaltet. Das Buch regt zu vielen praktischen \u00dcbungen und zum Ausprobieren an. Es geht um die Kunst, gut zu sich zu sein, sich selbst achtsam wahrzunehmen, den Mut zu haben, gut f\u00fcr sich zu sorgen und gleichzeitig einen mitmenschlichen Dialog zu pflegen und mit den eigenen W\u00fcnschen im Einklang zu leben.<\/p>\r\n<p>Zus\u00e4tzlich haben Sie die M\u00f6glichkeit, nach 6 Monaten das Online-Training zu machen.<\/p>\r\n\r\n<br>\r\n<h3>WELCHE KOSTEN KOMMEN AUF MICH ZU?<\/h3>\r\n<p>Im Rahmen der wissenschaftlichen Studie werden sowohl das Online-Training als auch das Training mit dem Buch kostenfrei angeboten. Daher kostet Sie das Training kein Geld und bleibt auch \u00fcber die Studienteilnahme hinaus vollumf\u00e4nglich kostenfrei.<\/p>\r\n\r\n<br>\r\n<h3>WAS BEDEUTET ES AN EINER WISSENSCHAFTLICHEN STUDIE TEILZUNEHMEN?<\/h3>\r\n<p>Die Teilnahme an der wissenschaftlichen \u00dcberpr\u00fcfung dieses Trainings bedeutet f\u00fcr Sie zweierlei: Zum einen geh\u00f6rt dazu, dass Sie bereit sind, zur Evaluation des Trainings online Frageb\u00f6gen zu beantworten. Wir m\u00f6chten Sie insgesamt 3-Mal (jeweils ca. 20 Minuten) zu Ihrer Gesundheit befragen sowie kurze Fragen direkt im Training stellen.<\/p>\r\n\r\n<p>Die wissenschaftliche \u00dcberpr\u00fcfung erfordert es, dass manche Teilnehmende zeitnah zu ihrer Anmeldung das Training beginnen k\u00f6nnen und andere eine Wartezeit von 6 Monaten bis zum Beginn des Trainings haben. Alle Teilnehmende, die 6 Monate bis zum Trainingsstart warten m\u00fcssen, erhalten von uns f\u00fcr die Zwischenzeit ein zus\u00e4tzliches \u00dcbungsbuch, worin es Ihnen freisteht, sich schon einmal in Eigenregie mit der Thematik zu besch\u00e4ftigen. So gibt es verschiedene M\u00f6glichkeiten zu lernen, gut mit sich umzugehen. Ob Sie direkt mit dem Training starten k\u00f6nnen oder sp\u00e4ter beginnen, wird durch ein Los entschieden. Sie haben also eine 50:50 Chance direkt mit dem Training beginnen zu k\u00f6nnen. Andernfalls erhalten Sie das Training automatisch 6 Monate sp\u00e4ter.<\/p>\r\n\r\n<p>Die Beantwortung der Frageb\u00f6gen ist f\u00fcr die wissenschaftliche Auswertung von hoher Bedeutung. Wenn Sie sich f\u00fcr eine Teilnahme anmelden, erkl\u00e4ren Sie sich bereit, auch falls Sie nicht sofort Zugang zum Training erhalten, die Frageb\u00f6gen auszuf\u00fcllen.<\/p>\r\n\r\n<br>\r\n<h3>AN WEN KANN ICH MICH BEI FRAGEN WENDEN?<\/h3>\r\n<p>Bei Fragen und Anregungen stehe ich, Lina Ringelmann (M.Sc. Psych.), Ihnen gerne per E-Mail unter\r\n<a href=\"namah@leuphana.de\">namah@leuphana.de<\/a> zur Verf\u00fcgung.<\/p>\r\n\r\n\r\n<div class=\"modal fade\" id=\"inactive-modal\" data-userlogged =\"0\"  role=\"dialog\" aria-labelledby=\"inactive-modal-label\"\n    aria-hidden=\"true\" hidden style=\"overflow: auto;\">\n    <div class=\"modal-dialog modal-lg modal-dialog-centered\" role=\"document\">\n        <div class=\"modal-content\">\n            <div class=\"modal-header\">\n                <h3 class=\"modal-title\" id=\"inactive-modal-title-label\">Zeit\u00fcberschreitung der Browsersitzung<\/h3>\n                <button type=\"button\" class=\"close\" data-dismiss=\"modal\" aria-label=\"Close\">\n                    <span aria-hidden=\"true\">&times;<\/span>\n                <\/button>\n            <\/div>\n            <div class=\"modal-body\">\n              <p class=\"mb-0\">Sie haben das System l\u00e4ngere Zeit nicht mehr genutzt. Aus Sicherheitsgr\u00fcnden werden Sie automatisch aus dem System abgemeldet.\n              <\/p>\n            <\/div>\n            <div class=\"modal-footer\">\n                    <button type=\"button\" class=\"btn btn-secondary mr-auto\" data-dismiss=\"modal\" style=\"float: left;\">Abbrechen<\/button>\n                    <button id=\"continue-session\" type=\"button\" class=\"btn btn-primary\" data-dismiss=\"modal\">Sitzung fortsetzen <span class=\"countdown\"><\/span><\/button>\n            <\/div>\n        <\/div>\n    <\/div>\n<\/div>\n\n\n<div class=\"modal fade\" id=\"logged-out-modal\" role=\"dialog\" aria-labelledby=\"logged-out-modal-label\"\n    aria-hidden=\"true\" hidden style=\"overflow: auto;\">\n    <div class=\"modal-dialog modal-lg modal-dialog-centered\" role=\"document\">\n        <div class=\"modal-content\">\n            <div class=\"modal-header\">\n                <h3 class=\"modal-title\" id=\"logged-out-modal-title-label\">Zeit\u00fcberschreitung der Browsersitzung<\/h3>\n                <button type=\"button\" class=\"close\" data-dismiss=\"modal\" aria-label=\"Close\">\n                    <span aria-hidden=\"true\">&times;<\/span>\n                <\/button>\n            <\/div>\n            <div class=\"modal-body\">\n              <p class=\"mb-0\">Sie haben das System l\u00e4ngere Zeit nicht mehr genutzt. Zu Ihrer eigenen Sicherheit wurden Sie daher automatisch aus dem System abgemeldet.\n              <\/p>\n            <\/div>\n            <div class=\"modal-footer\">\n                <a id=\"continue-session-done\" href=\"https:\/\/www.care4care-trainings.de\" role=\"button\" class=\"btn btn-primary\">Zur Startseite<\/a>\n            <\/div>\n        <\/div>\n    <\/div>\n<\/div> ","protected":false},"excerpt":{"rendered":"NAMAH. SEI GUT ZU DIR Vom Gl\u00fcck, unvollkommen sein zu d\u00fcrfen. &#8230;f\u00fcr einen achtsamen Umgang mit sich &#038; ein gest\u00e4rktes Selbst. Herzlich Willkommen bei unserem Training f\u00fcr einen achtsameren und gelasseneren Umgang mit sich selbst f\u00fcr Besch\u00e4ftigte in der Pflege. Sch\u00f6n, dass Sie hier sind! Manche Menschen gehen mit den Unzul\u00e4nglichkeiten von Freunden wohlwollend um,&hellip;","protected":false},"author":275,"featured_media":0,"parent":0,"menu_order":0,"comment_status":"closed","ping_status":"closed","template":"","meta":{"footnotes":""},"class_list":["post-61685","page","type-page","status-publish","hentry"],"_links":{"self":[{"href":"https:\/\/www.care4care-trainings.de\/index.php?rest_route=\/wp\/v2\/pages\/61685","targetHints":{"allow":["GET"]}}],"collection":[{"href":"https:\/\/www.care4care-trainings.de\/index.php?rest_route=\/wp\/v2\/pages"}],"about":[{"href":"https:\/\/www.care4care-trainings.de\/index.php?rest_route=\/wp\/v2\/types\/page"}],"author":[{"embeddable":true,"href":"https:\/\/www.care4care-trainings.de\/index.php?rest_route=\/wp\/v2\/users\/275"}],"replies":[{"embeddable":true,"href":"https:\/\/www.care4care-trainings.de\/index.php?rest_route=%2Fwp%2Fv2%2Fcomments&post=61685"}],"version-history":[{"count":26,"href":"https:\/\/www.care4care-trainings.de\/index.php?rest_route=\/wp\/v2\/pages\/61685\/revisions"}],"predecessor-version":[{"id":75027,"href":"https:\/\/www.care4care-trainings.de\/index.php?rest_route=\/wp\/v2\/pages\/61685\/revisions\/75027"}],"wp:attachment":[{"href":"https:\/\/www.care4care-trainings.de\/index.php?rest_route=%2Fwp%2Fv2%2Fmedia&parent=61685"}],"curies":[{"name":"wp","href":"https:\/\/api.w.org\/{rel}","templated":true}]}}