{"id":39222,"date":"2017-12-13T12:46:34","date_gmt":"2017-12-13T11:46:34","guid":{"rendered":"https:\/\/www.care4care-trainings.de\/?page_id=39222"},"modified":"2023-03-27T13:14:01","modified_gmt":"2023-03-27T11:14:01","slug":"home","status":"publish","type":"page","link":"https:\/\/www.care4care-trainings.de\/","title":{"rendered":"Home"},"content":{"rendered":"<div class=\"intro-header mt-5\">\r\n    <div class=\"container-fluid\">\r\n        <div class=\"row transparentbgwhite\">\r\n            <div class=\"col-12 col-md-12 col-lg-6 offset-xl-1 col-xl-5\">\r\n                <div class=\"row welcome\">\r\n                    <div class=\"col-xl-12\">\r\n                        <h1 class=\"text-white mb-5\">CARE4CARE \u2013 Gesundheit f\u00fcr die Pflege<\/h1>\r\n                    <\/div>\r\n                    <div class=\"col-12 col-md-8 col-lg-9 col-xl-9 d-none\">\r\n                        <div class=\"study-info-box bg-white p-2 opacity-4\">\r\n                            <h2>AKTUELLE STUDIEN<\/h2>\r\n                             <div class=\"study\">\r\n                              <p class=\"text-body font-weight-bold mb-1\">Care4Care RESIST &#8211; resilient durch schwierige Zeiten<\/p>\r\n                              <a class=\"text-body\" href=\".\/?page_id=50369\">\r\n                                <p>Hier zur Studie anmelden \u00bb<\/p>\r\n                              <\/a>\r\n                           <\/div>\r\n                           <div class=\"study\">\r\n                            <p class=\"text-body font-weight-bold mb-1\">Care4Care GESUNDE KULTUR &#8211; Den Pflegealltag gesund gestalten<\/p>\r\n                            <a class=\"text-body\" href=\"https:\/\/care4care-projekt.de\/c4c-gesunde-kultur\/\" target=\"_blank\" rel=\"noopener\">\r\n                                <p>Hier zur Studie anmelden \u00bb<\/p>\r\n                            <\/a>\r\n                          <\/div>\r\n                           <div class=\"study\">\r\n                              <p class=\"text-body font-weight-bold mb-1\">Care4Care NAMA. Sei gut zu dir<\/p>\r\n                              <a class=\"text-body\" href=\".\/?page_id=61685\">\r\n                                <p class=\"mb-0\">Hier zur Studie anmelden \u00bb<\/p>\r\n                              <\/a>\r\n                           <\/div>\r\n                        <\/div>\r\n\r\n                    <\/div>\r\n                <\/div>\r\n            <\/div>\r\n            <div class=\"col-12 col-md-12 col-lg-6 col-xl-5\">\r\n<div class=\"demo-accordion\">\r\n<div id=\"accordion600320243\" class=\"card ts-accordion \">\n  <div class=\"card-header schriftgroesse \" id=\"card-heading600320243\">\n    <button class=\"btn btn-link collapsed accordiontitle \" data-toggle=\"collapse\"\n      data-target=\"#collapsethis600320243\" data-parent=\"#accordion600320243\" aria-expanded=\"false\"\n      aria-controls=\"collapsethis600320243\">\n              <i class=\"fas fa-plus ts-accordion-plus\"><\/i>\n      Neugierig geworden? \n    <\/button>\n  <\/div>\n  <div id=\"collapsethis600320243\" class=\"collapse \" aria-labelledby=\"card-heading600320243\" data-parent=\"#accordion600320243\">\n    <div class=\"accordion-inner card-body \">\n      \r\n<p>\r\nWenn Sie einen praktischen Eindruck von den Care4Care-Trainings gewinnen m\u00f6chten, dann schauen Sie gerne direkt in die Demo-Trainings. Eine Anmeldung ist daf\u00fcr nicht n\u00f6tig. Ihre Eingaben werden nicht gespeichert.\r\n<\/p>\r\n\n    <\/div>\n  <\/div>\n<\/div>\r\n<\/div>\r\n<div class=\"demo-login-wrapper col-md-6 pl-md-0\">\r\n<button data-link=\"https:\/\/www.care4care-trainings.de\/?page_id=60\" data-id=\"309\" data-mode=\"single\" data-save=\"0\" name=\"submit\" type=\"button\" class=\"trainingssystem-demo-login-btn btn btn-primary btn-block\">Zu den Demo-Trainings<\/button>\n\r\n<\/div>\r\n            <\/div>\r\n        <\/div>\r\n    <\/div>\r\n<\/div>\r\n<div class=\"container-fluid contentpart\">\r\n    <div class=\"row d-none\">\r\n        <div class=\"col-xl-6 offset-xl-3 text-center\">\r\n            <h2 class=\"section-heading\">IHR START ZU MEHR GESUNDHEIT UND GUTER ARBEIT<\/h2>\r\n            <p class=\"center-block\">Starten Sie mit den Care4Care-Checks, die Sie zu den f\u00fcr Sie passenden Trainings\r\n                f\u00fchren.<\/p>\r\n            <!--Row Checkbuttons-->\r\n            <div class=\"row\">\r\n                <div class=\"col-md-4  col-lg-4  col-xl-4\">\r\n                    <a class=\"col-12 btn btn-primary btn-md marginbottom10\" href=\".\/?page_id=38390\"\r\n                        role=\"button\">Unternehmenscheck \u00bb<\/a>\r\n                <\/div>\r\n                <div class=\"col-md-4  col-lg-4  col-xl-4\">\r\n                    <a class=\"col-12 btn btn-primary btn-md marginbottom10 \" href=\".\/?page_id=40340\" role=\"button\">Arbeitsplatz-Check \u00bb<\/a>\r\n                <\/div>\r\n                <div class=\"col-md-4 col-lg-4 col-xl-4\">\r\n                    <a class=\"col-12 btn btn-primary btn-md\" href=\".\/?page_id=30315\" role=\"button\">Gesundheits-Check \u00bb<\/a>\r\n                <\/div>\r\n            <\/div>\r\n            <!--Row Checkbuttons-->\r\n            <p class=\"introtext\"><\/p>\r\n        <\/div>\r\n    <\/div>\r\n    <div class=\"row bg-white\">\r\n        <div class=\"col-xl-6 offset-xl-3 text-center\">\r\n            <h2 class=\"section-heading\">CARE4CARE \u2013 ein ganzheitliches Programm zur Gesundheitsf\u00f6rderung f\u00fcr Pflegekr\u00e4fte<\/h2>\r\n            <p>\r\nDas Projekt Care4Care m\u00f6chte einen Beitrag zur Gesundheit von Besch\u00e4ftigten in der Pflege leisten. Es unterst\u00fctzt Pflegekr\u00e4fte und deren F\u00fchrungskr\u00e4fte dabei, gesundes Arbeiten zu erm\u00f6glichen und die eigenen Ressourcen zu st\u00e4rken. Hierf\u00fcr wurden Online-Trainingsangebote entwickelt. Das Care4Care-Angebot steht interessierten Einrichtungen und Pflege-Teams seit Anfang 2022 im Rahmen einer Evaluationsstudie zur Verf\u00fcgung.<\/p>\r\n<p>Care4Care unterteilt sich in zwei Produktmodule, die eng aufeinander abgestimmt sind: Care4Care Digital und Care4Care Vor Ort. Wenn Sie mehr zu Care4Care Vor Ort und dem HoL-Prozess erfahren m\u00f6chten, dann k\u00f6nnen Sie sich <a href=\"https:\/\/care4care-projekt.de\/c4c-hol\/\" target=\"_blank\" rel=\"noopener\">hier<\/a> informieren. <\/p>\r\n<p class=\"\">Mehr zum Projekt insgesamt erfahren Sie unter <a href=\"https:\/\/www.care4care-projekt.de\" target=\"_blank\" rel=\"noopener\">www.care4care-projekt.de<\/a>.<\/p>\r\n<p class=\" mb-5\"> Folgende Beispielpersonen aus der ambulanten und station\u00e4ren Pflege sowie aus dem Krankenhaus begleiten Sie durch die Online-Trainings: <\/p>\r\n                    <\/div>\r\n    <\/div>\r\n    <!--Row Perona Introtext-->\r\n\r\n\r\n    <!--Personas-->\r\n    <div class=\"row personarow\">\r\n        <div class=\"col-12  col-md-6 col-lg-6  col-xl-6 colordigihell colleft py-3 py-md-4 px-md-5\">\r\n            <h4 class=\"my-3\">Anne (37), Gesundheits- und Krankenpflegerin in einem st\u00e4dtischen Krankenhaus<\/h4>\r\n            <div class=\"row\">\r\n                <div class=\"col-12 col-sm-6 col-md-6 col-lg-6  col-xl-3 personaimg text-center\">\r\n                    <img decoding=\"async\" src=\".\/wp-content\/uploads\/2020\/06\/Melanie1-q.png\" alt=\"Persona Anne\" class=\"alignnone size-full img-fluid \" \/>\r\n                <\/div>\r\n                <div class=\"col-12 col-sm-6 col-md-6  col-lg-6 col-xl-9 personatext\">\r\n                    <em>&#8222;Die Arbeitsverdichtung hat so stark zugenommen, dass mir kaum Zeit bleibt, meine Aufgaben mit der gewohnten Sorgfalt zu erledigen. Zus\u00e4tzlich habe ich seit Jahren mit dem unregelm\u00e4\u00dfigen Schlafrhythmus zu k\u00e4mpfen.&#8220;<\/em>\r\n                   <p class=\"mb-0\"><a class=\"btn btn-primary\" href=\".\/?page_id=56417\" role=\"button\">mehr zu Anne \u00bb<\/a><\/p>\r\n                <\/div>\r\n            <\/div>\r\n        <\/div>\r\n        <div class=\"col-12 col-md-6 col-lg-6 col-xl-6 colright py-3 py-md-4 px-md-5\">\r\n            <!--Paul-->\r\n            <h4 class=\"my-3\"> Paul (43), Krankenpfleger bei einem ambulanten Pflegedienst <\/h4>\r\n            <div class=\"row\">\r\n                <div class=\"col-12 col-sm-6 col-md-6 col-lg-6 col-xl-3 personaimg text-center\">\r\n                    <img decoding=\"async\" src=\".\/wp-content\/uploads\/2020\/06\/Thomas1-q.png\" alt=\"Persona Paul\" class=\"alignnone size-full img-fluid \" \/>\r\n                <\/div>\r\n                <div class=\"col-12 col-sm-6 col-md-6 col-lg-6 col-xl-9 personatext\">\r\n                    <em>\u201eSchon seit langem bin ich am Limit und total ersch\u00f6pft. \u00dcberstunden nehmen kein Ende und f\u00fcr zus\u00e4tzliche Leitungsaufgaben erhalte ich noch nicht einmal eine angemessene Anerkennung.&#8220;<\/em>\r\n                    <p class=\"mb-0\"><a class=\"btn btn-primary\" href=\".\/?page_id=36684\" role=\"button\">mehr zu Paul \u00bb<\/a><\/p>\r\n                <\/div>\r\n            <\/div>\r\n        <\/div>\r\n        <!--Paul Ende-->\r\n    <\/div>\r\n    <!--row 1 Ende-->\r\n    <div class=\"row personarow flex-md-row-reverse\">\r\n        <div class=\"col-12  col-md-6 col-lg-6  col-xl-6 colordigihell  colleft py-3 py-md-4 px-md-5\">\r\n            <h4 class=\"my-3\">Andrea (46), Wohnbereichsleiterin in einem Altenpflegeheim<\/h4>\r\n            <div class=\"row\">\r\n                <div class=\"col-12 col-sm-6 col-md-6 col-lg-6  col-xl-3 personaimg text-center\">\r\n                    <img decoding=\"async\" src=\".\/wp-content\/uploads\/2021\/02\/SP_Andrea-scaled-e1612450606852-300x300.jpg\" alt=\"Persona Andrea\" class=\"alignnone size-full img-fluid \" \/>\r\n                <\/div>\r\n                <div class=\"col-12 col-sm-6 col-md-6  col-lg-6 col-xl-9 personatext\">\r\n                    <em>\u201eDie st\u00e4ndigen Ver\u00e4nderungen verunsichern mich total. Ich habe das Gef\u00fchl, dass das Teamklima immer schlechter wird und ich einfach nichts dagegen tun kann.&#8220;<\/em>\r\n                    <p class=\"mb-0\"><a class=\"btn btn-primary\" href=\".\/?page_id=56427\" role=\"button\">mehr zu Andrea \u00bb<\/a><\/p>\r\n                <\/div>\r\n            <\/div>\r\n        <\/div>\r\n        <div class=\"col-12 col-md-6 col-lg-6 col-xl-6 colright py-3 py-md-4 px-md-5\">\r\n            <!--Sabine-->\r\n            <h4 class=\"my-3\"> Sabine (54), Altenpflegerin<\/h4>\r\n            <div class=\"row\">\r\n                <div class=\"col-12 col-sm-6 col-md-6 col-lg-6 col-xl-3 personaimg text-center\">\r\n                    <img decoding=\"async\" src=\".\/wp-content\/uploads\/2020\/12\/Sabine-e1607505063133-300x300.png\" alt=\"Persona Sabine\" class=\"alignnone size-full img-fluid \" \/>\r\n                <\/div>\r\n                <div class=\"col-12 col-sm-6 col-md-6 col-lg-6 col-xl-9 personatext\">\r\n                    <em>\u201eEs f\u00e4llt mir immer schwerer, geduldig und einf\u00fchlsam mit den Bewohnerinnen und Bewohnern umzugehen. Mir fehlt hierf\u00fcr meist einfach selbst die Energie.\u201c<\/em>\r\n                    <p class=\"mb-0\"><a class=\"btn btn-primary\" href=\".\/?page_id=56423\" role=\"button\">mehr zu Sabine \u00bb<\/a><\/p>\r\n                <\/div>\r\n            <\/div>\r\n        <\/div>\r\n        <!--Sabine Ende-->\r\n    <\/div>\r\n    <!--row 2 Ende-->\r\n    <div class=\"row personarow\">\r\n        <div class=\"col-12  col-md-6 col-lg-6  col-xl-6 colordigihell colleft py-3 py-md-4 px-md-5\">\r\n            <h4 class=\"my-3\">Thomas (55), Stationsleiter im Krankenhaus<\/h4>\r\n            <div class=\"row\">\r\n                <div class=\"col-12 col-sm-6 col-md-6 col-lg-6  col-xl-3 personaimg text-center\">\r\n                    <img decoding=\"async\" src=\".\/wp-content\/uploads\/2021\/02\/KH_Thomas-scaled-e1612450666297-300x300.jpg\" alt=\"Persona Thomas\" class=\"alignnone size-full img-fluid \" \/>\r\n                <\/div>\r\n                <div class=\"col-12 col-sm-6 col-md-6  col-lg-6 col-xl-9 personatext\">\r\n                    <em>\u201eSt\u00e4ndig kommen neue Anordnungen von der Klinikleitung. Es ist f\u00fcr mich immer schwieriger, meinem Team das zu vermitteln. Ich habe Angst als Leitungsperson zu scheitern.&#8220;<\/em>\r\n                    <p class=\"mb-0\"><a class=\"btn btn-primary\" href=\".\/?page_id=56435\" role=\"button\">mehr zu Thomas \u00bb<\/a><\/p>\r\n                <\/div>\r\n            <\/div>\r\n        <\/div>\r\n        <div class=\"col-12 col-md-6 col-lg-6 col-xl-6 colright py-3 py-md-4 px-md-5\">\r\n            <!--Karim-->\r\n            <h4 class=\"my-3\">Karim (34), Altenpfleger in einer station\u00e4ren Einrichtung<\/h4>\r\n            <div class=\"row\">\r\n                <div class=\"col-12 col-sm-6 col-md-6 col-lg-6 col-xl-3 personaimg text-center\">\r\n                    <img decoding=\"async\" src=\".\/wp-content\/uploads\/2021\/02\/SP_Karim-scaled-e1612450447441-300x300.jpg\" alt=\"Persona Karim\" class=\"alignnone size-full img-fluid \" \/>\r\n                <\/div>\r\n                <div class=\"col-12 col-sm-6 col-md-6 col-lg-6 col-xl-9 personatext\">\r\n                    <em>\u201eIch habe so viel zu tun, dass ich den Bewohnerinnen und Bewohnern kaum gerecht werden kann. Und die k\u00f6rperlichen Belastungen der Arbeit machen sich auch immer mehr bemerkbar.\u201c<\/em>\r\n                    <p class=\"mb-0\"><a class=\"btn btn-primary\" href=\"https:\/\/www.care4care-trainings.de\/?page_id=56438\" role=\"button\">mehr zu Karim \u00bb<\/a><\/p>\r\n                <\/div>\r\n            <\/div>\r\n        <\/div>\r\n        <!--Karim Ende-->\r\n    <\/div>\r\n    <!--row 3 Ende-->\r\n    <div class=\"row personarow flex-md-row-reverse\">\r\n        <div class=\"col-12  col-md-6 col-lg-6  col-xl-6 colordigihell colleft py-3 py-md-4 px-md-5\">\r\n            <h4 class=\"my-3\">Ute (57), Leitung in der ambulanten Pflege<\/h4>\r\n            <div class=\"row\">\r\n                <div class=\"col-12 col-sm-6 col-md-6 col-lg-6  col-xl-3 personaimg text-center\">\r\n                    <img decoding=\"async\" src=\".\/wp-content\/uploads\/2021\/02\/AP_Ute-scaled-e1612450830667-300x300.jpg\" alt=\"Persona Ute\" class=\"alignnone size-full img-fluid \" \/>\r\n                <\/div>\r\n                <div class=\"col-12 col-sm-6 col-md-6  col-lg-6 col-xl-9 personatext\">\r\n                    <em>\u201eIch bin verunsichert, ob ich als Leitungsperson noch kompetent genug bin. T\u00e4glich habe ich das Gef\u00fchl zu versagen, ohne genau zu wissen, was ich \u00e4ndern soll. Diesen Stress nehme ich dann oft mit nach Hause und gerate in unn\u00f6tige Reibereien mit meinem Mann.&#8220;<\/em>\r\n                    <p class=\"mb-0\"><a class=\"btn btn-primary\" href=\".\/?page_id=64152\" role=\"button\">mehr zu Ute \u00bb<\/a><\/p>\r\n                <\/div>\r\n            <\/div>\r\n        <\/div>\r\n        <div class=\"col-12 col-md-6 col-lg-6 col-xl-6 colright py-3 py-md-4 px-md-5\">\r\n            <!--Julia-->\r\n            <h4 class=\"my-3\"> Julia (35), Pflegehelferin bei einem ambulanten Pflegedienst<\/h4>\r\n            <div class=\"row\">\r\n                <div class=\"col-12 col-sm-6 col-md-6 col-lg-6 col-xl-3 personaimg text-center\">\r\n                    <img decoding=\"async\" src=\".\/wp-content\/uploads\/2021\/02\/AP_Julia-scaled-e1612450575750-300x300.jpg\" alt=\"Persona Julia\" class=\"alignnone size-full img-fluid \" \/>\r\n                <\/div>\r\n                <div class=\"col-12 col-sm-6 col-md-6 col-lg-6 col-xl-9 personatext\">\r\n                    <em>\u201eDie Eins\u00e4tze werden durch die Leitung schlecht organisiert. Ich schaffe es meistens nicht einmal, meine Pause zu nehmen. Manchmal m\u00f6chte ich nur noch weg hier.\u201c<\/em>\r\n                    <p class=\"mb-0\"><a class=\"btn btn-primary\" href=\".\/?page_id=64593\" role=\"button\">mehr zu Julia \u00bb<\/a><\/p>\r\n                <\/div>\r\n            <\/div>\r\n        <\/div>\r\n        <!--Julia Ende-->\r\n    <\/div>\r\n    <!--row 4 Ende-->\r\n    <div class=\"row personarow\">\r\n        <div class=\"col-12  col-md-6 col-lg-6  col-xl-6 colordigihell colleft py-3 py-md-4 px-md-5\">\r\n            <h4 class=\"my-3\">Pawel (20), Auszubildender im Krankenhaus<\/h4>\r\n            <div class=\"row\">\r\n                <div class=\"col-12 col-sm-6 col-md-6 col-lg-6  col-xl-3 personaimg text-center\">\r\n                    <img decoding=\"async\" src=\".\/wp-content\/uploads\/2021\/02\/KH_Lukas-scaled-e1612450776362-300x300.jpg\" alt=\"Persona Lukas\" class=\"alignnone size-full img-fluid \" \/>\r\n                <\/div>\r\n                <div class=\"col-12 col-sm-6 col-md-6  col-lg-6 col-xl-9 personatext\">\r\n                    <em>\u201eMir kommt jede Schicht wie eine gro\u00dfe Herausforderung vor. Wenn ich manchmal durch stundenlanges Gr\u00fcbeln nicht einschlafen kann, habe ich das Gef\u00fchl, dass mir alles \u00fcber den Kopf w\u00e4chst.&#8220;<\/em>\r\n                    <p class=\"mb-0\"><a class=\"btn btn-primary\" href=\".\/?page_id=64157\" role=\"button\">mehr zu Pawel \u00bb<\/a><\/p>\r\n                <\/div>\r\n            <\/div>\r\n        <\/div>\r\n        <div class=\"col-12 col-md-6 col-lg-6 col-xl-6 colright py-3 py-md-4 px-md-5\">\r\n            <!--Petra-->\r\n            <h4 class=\"my-3\">Petra (52), Intensivschwester<\/h4>\r\n            <div class=\"row\">\r\n                <div class=\"col-12 col-sm-6 col-md-6 col-lg-6 col-xl-3 personaimg text-center\">\r\n                    <img decoding=\"async\" src=\".\/wp-content\/uploads\/2021\/02\/KH_Petra-scaled-e1612450725531-300x300.jpg\" alt=\"Persona Petra\" class=\"alignnone size-full img-fluid \" \/>\r\n                <\/div>\r\n                <div class=\"col-12 col-sm-6 col-md-6 col-lg-6 col-xl-9 personatext\">\r\n                    <em>\u201eIn unserem Team stehen wir total unter Druck und das merkt man auch im Umgangston untereinander. Dass ich zunehmend schlechter schlafe, macht die ganze Sache nicht leichter.\u201c<\/em>\r\n                    <p class=\"mb-0\"><a class=\"btn btn-primary\" href=\".\/?page_id=64159\" role=\"button\">mehr zu Petra \u00bb<\/a><\/p>\r\n                <\/div>\r\n            <\/div>\r\n        <\/div>\r\n        <!--Petra Ende-->\r\n    <\/div>\r\n    <!--row 5 Ende-->\r\n    <div class=\"row personarow flex-md-row-reverse\">\r\n        <div class=\"col-12  col-md-6 col-lg-6  col-xl-6 colordigihell colleft py-3 py-md-4 px-md-5\">\r\n            <h4 class=\"my-3\">Daria (22), Auszubildende in der Altenpflege<\/h4>\r\n            <div class=\"row\">\r\n                <div class=\"col-12 col-sm-6 col-md-6 col-lg-6  col-xl-3 personaimg text-center\">\r\n                    <img decoding=\"async\" src=\".\/wp-content\/uploads\/2021\/02\/SP_Daria-scaled-e1612450506785-300x300.jpg\" alt=\"Persona Lukas\" class=\"alignnone size-full img-fluid \" \/>\r\n                <\/div>\r\n                <div class=\"col-12 col-sm-6 col-md-6  col-lg-6 col-xl-9 personatext\">\r\n                    <em>\u201eNach der Arbeit bin ich so ersch\u00f6pft, dass ich zu nichts mehr Lust habe. Meine Freunde habe ich schon lange nicht mehr getroffen.&#8220;<\/em>\r\n                    <p class=\"mb-0\"><a class=\"btn btn-primary\" href=\".\/?page_id=64155\" role=\"button\">mehr zu Daria \u00bb<\/a><\/p>\r\n                <\/div>\r\n            <\/div>\r\n        <\/div>\r\n        <div class=\"col-12 col-md-6 col-lg-6 col-xl-6 colright py-3 py-md-4 px-md-5\">\r\n            <!--leer-->\r\n            <div class=\"row\">\r\n                <div class=\"col-12 col-sm-6 col-md-6 col-lg-6 col-xl-3 personaimg text-center\">\r\n               \r\n                <\/div>\r\n                <div class=\"col-12 col-sm-6 col-md-6 col-lg-6 col-xl-9 personatext\">\r\n                    \r\n                    \r\n                <\/div>\r\n            <\/div>\r\n        <\/div>\r\n        <!--leer Ende-->\r\n    <\/div>\r\n    <!--row 6 Ende-->\r\n<\/div>\r\n\r\n\r\n<!--containerfluid, contentpart Ende --><div class=\"modal fade\" id=\"inactive-modal\" data-userlogged =\"0\"  role=\"dialog\" aria-labelledby=\"inactive-modal-label\"\n    aria-hidden=\"true\" hidden style=\"overflow: auto;\">\n    <div class=\"modal-dialog modal-lg modal-dialog-centered\" role=\"document\">\n        <div class=\"modal-content\">\n            <div class=\"modal-header\">\n                <h3 class=\"modal-title\" id=\"inactive-modal-title-label\">Zeit\u00fcberschreitung der Browsersitzung<\/h3>\n                <button type=\"button\" class=\"close\" data-dismiss=\"modal\" aria-label=\"Close\">\n                    <span aria-hidden=\"true\">&times;<\/span>\n                <\/button>\n            <\/div>\n            <div class=\"modal-body\">\n              <p class=\"mb-0\">Sie haben das System l\u00e4ngere Zeit nicht mehr genutzt. Aus Sicherheitsgr\u00fcnden werden Sie automatisch aus dem System abgemeldet.\n              <\/p>\n            <\/div>\n            <div class=\"modal-footer\">\n                    <button type=\"button\" class=\"btn btn-secondary mr-auto\" data-dismiss=\"modal\" style=\"float: left;\">Abbrechen<\/button>\n                    <button id=\"continue-session\" type=\"button\" class=\"btn btn-primary\" data-dismiss=\"modal\">Sitzung fortsetzen <span class=\"countdown\"><\/span><\/button>\n            <\/div>\n        <\/div>\n    <\/div>\n<\/div>\n\n\n<div class=\"modal fade\" id=\"logged-out-modal\" role=\"dialog\" aria-labelledby=\"logged-out-modal-label\"\n    aria-hidden=\"true\" hidden style=\"overflow: auto;\">\n    <div class=\"modal-dialog modal-lg modal-dialog-centered\" role=\"document\">\n        <div class=\"modal-content\">\n            <div class=\"modal-header\">\n                <h3 class=\"modal-title\" id=\"logged-out-modal-title-label\">Zeit\u00fcberschreitung der Browsersitzung<\/h3>\n                <button type=\"button\" class=\"close\" data-dismiss=\"modal\" aria-label=\"Close\">\n                    <span aria-hidden=\"true\">&times;<\/span>\n                <\/button>\n            <\/div>\n            <div class=\"modal-body\">\n              <p class=\"mb-0\">Sie haben das System l\u00e4ngere Zeit nicht mehr genutzt. Zu Ihrer eigenen Sicherheit wurden Sie daher automatisch aus dem System abgemeldet.\n              <\/p>\n            <\/div>\n            <div class=\"modal-footer\">\n                <a id=\"continue-session-done\" href=\"https:\/\/www.care4care-trainings.de\" role=\"button\" class=\"btn btn-primary\">Zur Startseite<\/a>\n            <\/div>\n        <\/div>\n    <\/div>\n<\/div> ","protected":false},"excerpt":{"rendered":"CARE4CARE \u2013 Gesundheit f\u00fcr die Pflege AKTUELLE STUDIEN Care4Care RESIST &#8211; resilient durch schwierige Zeiten Hier zur Studie anmelden \u00bb Care4Care GESUNDE KULTUR &#8211; Den Pflegealltag gesund gestalten Hier zur Studie anmelden \u00bb Care4Care NAMA. Sei gut zu dir Hier zur Studie anmelden \u00bb IHR START ZU MEHR GESUNDHEIT UND GUTER ARBEIT Starten Sie mit&hellip;","protected":false},"author":1,"featured_media":0,"parent":0,"menu_order":0,"comment_status":"closed","ping_status":"closed","template":"page-landing-relative.php","meta":{"footnotes":""},"class_list":["post-39222","page","type-page","status-publish","hentry"],"_links":{"self":[{"href":"https:\/\/www.care4care-trainings.de\/index.php?rest_route=\/wp\/v2\/pages\/39222","targetHints":{"allow":["GET"]}}],"collection":[{"href":"https:\/\/www.care4care-trainings.de\/index.php?rest_route=\/wp\/v2\/pages"}],"about":[{"href":"https:\/\/www.care4care-trainings.de\/index.php?rest_route=\/wp\/v2\/types\/page"}],"author":[{"embeddable":true,"href":"https:\/\/www.care4care-trainings.de\/index.php?rest_route=\/wp\/v2\/users\/1"}],"replies":[{"embeddable":true,"href":"https:\/\/www.care4care-trainings.de\/index.php?rest_route=%2Fwp%2Fv2%2Fcomments&post=39222"}],"version-history":[{"count":138,"href":"https:\/\/www.care4care-trainings.de\/index.php?rest_route=\/wp\/v2\/pages\/39222\/revisions"}],"predecessor-version":[{"id":76029,"href":"https:\/\/www.care4care-trainings.de\/index.php?rest_route=\/wp\/v2\/pages\/39222\/revisions\/76029"}],"wp:attachment":[{"href":"https:\/\/www.care4care-trainings.de\/index.php?rest_route=%2Fwp%2Fv2%2Fmedia&parent=39222"}],"curies":[{"name":"wp","href":"https:\/\/api.w.org\/{rel}","templated":true}]}}