{"id":1823,"date":"2016-12-06T09:38:08","date_gmt":"2016-12-06T08:38:08","guid":{"rendered":"https:\/\/www.care4care-trainings.de\/?page_id=1823"},"modified":"2024-02-05T13:37:44","modified_gmt":"2024-02-05T12:37:44","slug":"datenschutz","status":"publish","type":"page","link":"https:\/\/www.care4care-trainings.de\/?page_id=1823","title":{"rendered":"Datenschutz"},"content":{"rendered":"<h1>Datenschutzerkl\u00e4rung<\/h1>\r\n<p>Care4Care ist ein Verbundprojekt, bestehend aus den Projektpartnern Berliner Hochschule f\u00fcr Technik (Projektleitung), Leuphana Universit\u00e4t L\u00fcneburg, Technische Hochschule L\u00fcbeck und Helmut-Schmidt-Universit\u00e4t Hamburg. Das Forschungs- und Entwicklungsprojekt wird mit Mitteln der AOK im Fachprojekt \u201eBGF in der Pflege\u201c gef\u00f6rdert.<\/p>\r\n\r\n<p>Ziel des Projekts ist die Entwicklung eines hybriden Angebotes zur Gesundheitsf\u00f6rderung in der Pflege, welches Pflegekr\u00e4fte und deren F\u00fchrungskr\u00e4fte dabei unterst\u00fctzt, Arbeit gesundheitsf\u00f6rderlich zu gestalten und die individuellen gesundheitlichen Ressourcen zu st\u00e4rken. Im Rahmen eines Content-Management-Systems (WordPress) werden Daten zur Gesundheit und zu gesundheitsrelevanten Arbeitsbedingungen erfasst und auf dieser Grundlage passgenaue Trainingsangebote zur Gesundheitsf\u00f6rderung unterbreitet. Die Behandlung der Daten erfolgt stets unter Einhaltung aller relevanten und strengen Vorschriften zum Schutz der Privatsph\u00e4re. Dabei setzt das Projekt auf moderne Technik und aktuelle Standards in der Informationssicherheit durch das Bundesamt f\u00fcr Sicherheit in der Informationstechnik (BSI).<\/p>\r\n\r\n<h3>1. Datenschutz<\/h3>\r\n<p>Das Institut f\u00fcr Interaktive Systeme der Technischen Hochschule L\u00fcbeck legt besonderen Wert auf die Einhaltung der Datenschutzgesetze. Die einschl\u00e4gigen Datenschutzgesetze, insbesondere das Bundesdatenschutzgesetz (neu) und die EU-Datenschutz-Grundverordnung, werden von uns in vollem Umfang eingehalten. Die Verarbeitung der personenbezogenen Daten erfolgt ausschlie\u00dflich auf der Grundlage der einschl\u00e4gigen Gesetze und findet nur zu den unter Nr. 4 genannten Zwecken statt. Die Daten werden nur nach den Vorgaben dieser Datenschutzerkl\u00e4rung verarbeitet.<\/p>\r\n\r\n<h3>2. Verantwortliche Stelle<\/h3>\r\n<p>Die betriebliche Datenschutzbeauftragte der Technischen Hochschule L\u00fcbeck ist<\/p>\r\n<p>Kirstin Vedder\r\n<br>Technische Hochschule L\u00fcbeck\r\n<br>M\u00f6nkhofer Weg 239\r\n<br>23562 L\u00fcbeck\r\n<\/p>\r\n\r\n<p><a href=\"mailto: datenschutz@th-luebeck.de\">E-Mail: datenschutz(at)th-luebeck.de <\/a><\/p>\r\n\r\n\r\n<h3>3. Datenerfassung<\/h3>\r\n<p>Das Institut f\u00fcr Interaktive Systeme der Technischen Hochschule L\u00fcbeck erhebt, speichert und verarbeitet zur Erf\u00fcllung der vertraglichen und gesetzlichen Regelungen folgende Daten:<\/p>\r\n<p>a.) Von Ihnen gemachte Angaben (eingereichte Informationen):<\/p>\r\n<p>Dabei handelt es sich um Daten, die Sie selbst zur Einrichtung eines Accounts und im Rahmen der \u00dcbungen der Online-Trainings w\u00e4hrend der Nutzung der Care4Care-Trainingsplattform angeben:<\/p>\r\n<ul>\r\n<li><p>E-Mail-Adresse<\/p><\/li>\r\n<li><p>selbst gew\u00e4hlter Benutzername<\/p><\/li>\r\n<li><p>Unternehmens- und Teamzugeh\u00f6rigkeit<\/p><\/li>\r\n<li><p>(optional) der Vor- und Nachname<\/p><\/li>\r\n<\/ul>\r\n<p>Au\u00dferdem umfassen die von Ihnen gemachten Angaben Daten in den Eingabefeldern, die Sie bei der Nutzung eines Trainings bearbeiten (z.B. durch Anklicken von Antwortoptionen bzw. Texte, die Sie in Eingabefelder innerhalb der Trainings schreiben, um \u00dcbungen zu bearbeiten). Des Weiteren schlie\u00dfen die von Ihnen gemachten Angaben auch die Daten mit ein, die Sie in der E-Mail-Kommunikation mit uns angeben. Wenn Sie uns kontaktieren, speichern wir eine Kopie der E-Mail-Korrespondenz.<\/p>\r\n<p>b.) Daten, die \u00fcber Sie und die Nutzung der Care4Care-Trainingsplattform automatisch erhoben werden:<\/p>\r\n<p>Wir erfassen folgende Basisangaben zur Nutzung der Care4Care-Trainingsplattform:<\/p>\r\n<ul>\r\n<li><p>Registrierungsdatum<\/p><\/li>\r\n<li><p>Datum des letzten Logins<\/p><\/li>\r\n<li><p>Browsertyp und Browserversion<\/p><\/li>\r\n<li><p>Verwendetes Betriebssystem<\/p><\/li>\r\n<li><p>Ger\u00e4tetyp<\/p><\/li>\r\n<li><p>IP-Adresse<\/p><\/li>\r\n<li><p>H\u00e4ufigkeit und Zeitpunkte der Nutzung der Care4Care-Plattform<\/p><\/li>\r\n<li><p>Zeitpunkt der Daten\u00fcbertragung an unseren Server<\/p><\/li>\r\n<li><p>Zuletzt bearbeitete Trainingseinheiten<\/p><\/li>\r\n<\/ul>\r\n\r\n<div id=\"cookie_anchor\"><\/div>\r\n<style>\r\n#cookie_anchor{display:block; position:relative; top:-80px; visibility:hidden;}\r\n<\/style>\r\n<h4>Cookies<\/h4>\r\n<p>Die Internetseiten verwenden teilweise so genannte Cookies. Cookies richten auf Ihrem Rechner keinen Schaden an und enthalten keine Viren. Cookies dienen dazu, unser Angebot nutzerfreundlicher, effektiver und sicherer zu machen. Cookies sind kleine Textdateien, die auf Ihrem Rechner abgelegt werden und die Ihr Browser speichert.<\/p>\r\n\r\n<p>Folgende Cookies werden auf dieser Webseite genutzt:<\/p>\r\n\r\n<table>\r\n<thead>\r\n<tr>\r\n<th>Name des Cookies<\/th>\r\n<th>Funktion des Cookies<\/th>\r\n<\/tr>\r\n<\/thead>\r\n<tbody>\r\n<tr>\r\n<td>wp-settings-{user_id}<\/td>\r\n<td>Aufrechterhaltung der wp-admin-Konfiguration eines Benutzers<\/td>\r\n<\/tr>\r\n<tr>\r\n<td>wordpress_logged_in_{hash}<\/td>\r\n<td>Merken der Benutzer-Sitzung<\/td>\r\n<\/tr>\r\n<tr>\r\n<td>wordpress_test_cookie<\/td>\r\n<td>Test, ob ein Cookie gesetzt werden kann<\/td>\r\n<\/tr>\r\n<tr>\r\n<tr>\r\n<td>wp-settings-time-{user}<\/td>\r\n<td>Gibt Zeitpunkt des Setzens von wp-settings-{user} an<\/td>\r\n<\/tr>\r\n<td>wordpress_sec_{has}<\/td>\r\n<td>Speicherung von Authentifizierungsdaten.<\/td>\r\n<\/tr>\r\n<tr>\r\n<td>cookie_notice_accepted<\/td>\r\n<td>Speichert, ob der Benutzer den Cookie-Hinweis best\u00e4tigt hat.<\/td>\r\n<\/tr>\r\n<\/tbody>\r\n<\/table>\r\n\r\n<h3>4. Zweck der Datenverarbeitung<\/h3>\r\n<p>Die Berliner Hochschule f\u00fcr Technik verarbeitet die in Nr. 3 genannten Daten ausschlie\u00dflich, um das Projektziel, i. e. die Nutzung der Online-Plattform, zu erf\u00fcllen. Der Nutzer kann diese Daten selbstst\u00e4ndig l\u00f6schen. Nach L\u00f6schung der Daten hat der Nutzer keinen Zugang mehr zur Online-Plattform.\r\nTexte, die Nutzer innerhalb der Trainings erstellen, werden gespeichert, um das Projektziel, i. e. die M\u00f6glichkeit zur Nutzung der Online-Trainings, zu erf\u00fcllen. Der Nutzer kann diese Daten selbstst\u00e4ndig ohne Angabe von Gr\u00fcnden l\u00f6schen. Inhalte aus E-Mails dienen dem technischen Support und der Erf\u00fcllung des Projektziels, i. e. der Beantwortung von Fragen im Laufe der Trainingsteilnahme.<\/p> \r\n\r\n<h3>5. Daten\u00fcbermittlung<\/h3>\r\n<p>Die hier beschriebenen personenbezogenen Daten geben wir nur weiter, soweit dies zur Bereitstellung unserer Dienste erforderlich ist. Diese Dritten sind neben ihrer gesetzlichen Verpflichtung zur Einhaltung aller Datenschutzbestimmungen durch uns an weitere vertragliche Vorgaben zum Datenschutz gebunden. Regelm\u00e4\u00dfig umfassen diese eine Verpflichtung als Auftragsverarbeiter nach Art. 28 Absatz 3 DSGVO. Im Rahmen dieses Forschungsprojektes ist weder eine Speicherung noch eine Verarbeitung durch Dritte vorgesehen.<\/p>\r\n<p>Die Weitergabe von anonymen Gruppendaten erfolgt ausschlie\u00dflich zu Publikationszwecken in wissenschaftlichen Fachzeitschriften. Anonyme Gruppendaten aus Gruppenma\u00dfnahmen werden an F\u00fchrungskr\u00e4fte der entsprechenden Einrichtung und an den\/die Moderator\/in der Ma\u00dfnahmen weitergegeben. Es ist kein R\u00fcckschluss auf einzelne Personen m\u00f6glich.<\/p>\r\n<p>Im \u00dcbrigen \u00fcbermitteln wir personenbezogenen Daten an Dritte nur, sofern hierf\u00fcr eine gesetzliche Erlaubnis besteht oder Sie zuvor eingewilligt haben (siehe Art. 6 Absatz 1 Buchstaben a DSGVO). Eine ggf. erteilte Einwilligung k\u00f6nnen Sie jederzeit mit Wirkung f\u00fcr die Zukunft widerrufen.<\/p>\r\n\r\n<h3>6. Daten\u00fcbermittlung in ein Drittland<\/h3>\r\n<p>Eine Daten\u00fcbermittlung in Drittl\u00e4nder findet nicht statt und ist auch nicht geplant.<\/p>\r\n\r\n<h3>7. L\u00f6schfristen<\/h3>\r\n<p>Die vom Institut f\u00fcr Interaktive Systeme der Technischen Hochschule L\u00fcbeck gespeicherten personenbezogenen Daten werden nach Wegfall der in Nr. 4 genannten Zwecke bzw. nach Ablauf evtl. gesetzlicher Aufbewahrungsfristen gel\u00f6scht bzw. anonymisiert.<\/p>\r\n\r\n<h3>8. Rechte der betroffenen Person<\/h3>\r\n<p>Betroffene Personen haben jederzeit das Recht, Auskunft \u00fcber ihre gespeicherten Daten zu erhalten. Weiterhin haben sie das Recht auf Berichtigung, L\u00f6schung, Einschr\u00e4nkung der Verarbeitung, Widerspruch gegen die Verarbeitung sowie das Recht auf Daten\u00fcbertragbarkeit. Zur Wahrung ihrer Rechte (auch aus Nr. 7) k\u00f6nnen sie sich in Schrift- oder Textform an folgende Adresse wenden:<\/p>\r\n<p>Prof. Dr. Antje Ducki\r\n<br>Berliner Hochschule f\u00fcr Technik\r\n<br>Luxemburger Stra\u00dfe 10\r\n<br>13353 Berlin<\/p>\r\n<p><a href=\"mailto: care4care@th-luebeck.de\">E-Mail: care4care(at)th-luebeck.de<\/a><\/p>\r\n\r\n<p>Sehen betroffene Personen beim Umgang mit ihren personenbezogenen Daten ihre Rechte nicht in vollem Umfang gewahrt, haben sie das Recht bei der f\u00fcr sie zust\u00e4ndigen Aufsichtsbeh\u00f6rde Beschwerde einzureichen.<\/p>\r\n\r\n\r\n<h3>9. Hosting<\/h3>\r\n<p>Die Server des Instituts f\u00fcr Interaktive Systeme der Technischen Hochschule L\u00fcbeck stehen ausschlie\u00dflich in Deutschland, somit unterliegt das Institut nicht dem amerikanischen PATRIOT act.\r\nDie vom Institut f\u00fcr Interaktive Systeme der Technischen Hochschule L\u00fcbeck angebotenen Virtualisierungstechniken erlauben es dem Projekt Care4Care, ihre Dienste \u00fcber einen virtuellen Server bereit zu stellen. Auf dem virtuellen Server l\u00e4uft CentOS7 als Betriebssystem.<\/p>\r\n\r\n<h3>10. SSL-Verschl\u00fcsselung<\/h3>\r\n<p>Unsere Webseite bedient sich einer SSL-Verschl\u00fcsselung, wenn es um die \u00dcbermittlung vertraulicher oder pers\u00f6nlicher Inhalte unserer Nutzer geht. Diese Verschl\u00fcsslung wird zum Beispiel bei der Abwicklung des Zahlungsverkehrs sowie bei Anfragen aktiviert, die Sie an uns \u00fcber unsere Webseite stellen. Achten Sie bitte darauf, dass die SSL-Verschl\u00fcsselung bei entsprechenden Aktivit\u00e4ten von Ihrer Seite her aktiviert ist. Der Einsatz der Verschl\u00fcsselung ist leicht zu erkennen: Die Anzeige in Ihrer Browserzeile wechselt von \u201ehttp:\/\/\u201c zu \u201ehttps:\/\/\u201c. \u00dcber SSL verschl\u00fcsselte Daten sind nicht von Dritten lesbar. \u00dcbermitteln Sie Ihre vertraulichen Informationen nur bei aktivierter SSL-Verschl\u00fcsselung und wenden Sie sich im Zweifel an uns.<\/p><div class=\"modal fade\" id=\"inactive-modal\" data-userlogged =\"0\"  role=\"dialog\" aria-labelledby=\"inactive-modal-label\"\n    aria-hidden=\"true\" hidden style=\"overflow: auto;\">\n    <div class=\"modal-dialog modal-lg modal-dialog-centered\" role=\"document\">\n        <div class=\"modal-content\">\n            <div class=\"modal-header\">\n                <h3 class=\"modal-title\" id=\"inactive-modal-title-label\">Zeit\u00fcberschreitung der Browsersitzung<\/h3>\n                <button type=\"button\" class=\"close\" data-dismiss=\"modal\" aria-label=\"Close\">\n                    <span aria-hidden=\"true\">&times;<\/span>\n                <\/button>\n            <\/div>\n            <div class=\"modal-body\">\n              <p class=\"mb-0\">Sie haben das System l\u00e4ngere Zeit nicht mehr genutzt. Aus Sicherheitsgr\u00fcnden werden Sie automatisch aus dem System abgemeldet.\n              <\/p>\n            <\/div>\n            <div class=\"modal-footer\">\n                    <button type=\"button\" class=\"btn btn-secondary mr-auto\" data-dismiss=\"modal\" style=\"float: left;\">Abbrechen<\/button>\n                    <button id=\"continue-session\" type=\"button\" class=\"btn btn-primary\" data-dismiss=\"modal\">Sitzung fortsetzen <span class=\"countdown\"><\/span><\/button>\n            <\/div>\n        <\/div>\n    <\/div>\n<\/div>\n\n\n<div class=\"modal fade\" id=\"logged-out-modal\" role=\"dialog\" aria-labelledby=\"logged-out-modal-label\"\n    aria-hidden=\"true\" hidden style=\"overflow: auto;\">\n    <div class=\"modal-dialog modal-lg modal-dialog-centered\" role=\"document\">\n        <div class=\"modal-content\">\n            <div class=\"modal-header\">\n                <h3 class=\"modal-title\" id=\"logged-out-modal-title-label\">Zeit\u00fcberschreitung der Browsersitzung<\/h3>\n                <button type=\"button\" class=\"close\" data-dismiss=\"modal\" aria-label=\"Close\">\n                    <span aria-hidden=\"true\">&times;<\/span>\n                <\/button>\n            <\/div>\n            <div class=\"modal-body\">\n              <p class=\"mb-0\">Sie haben das System l\u00e4ngere Zeit nicht mehr genutzt. Zu Ihrer eigenen Sicherheit wurden Sie daher automatisch aus dem System abgemeldet.\n              <\/p>\n            <\/div>\n            <div class=\"modal-footer\">\n                <a id=\"continue-session-done\" href=\"https:\/\/www.care4care-trainings.de\" role=\"button\" class=\"btn btn-primary\">Zur Startseite<\/a>\n            <\/div>\n        <\/div>\n    <\/div>\n<\/div> ","protected":false},"excerpt":{"rendered":"Datenschutzerkl\u00e4rung Care4Care ist ein Verbundprojekt, bestehend aus den Projektpartnern Berliner Hochschule f\u00fcr Technik (Projektleitung), Leuphana Universit\u00e4t L\u00fcneburg, Technische Hochschule L\u00fcbeck und Helmut-Schmidt-Universit\u00e4t Hamburg. Das Forschungs- und Entwicklungsprojekt wird mit Mitteln der AOK im Fachprojekt \u201eBGF in der Pflege\u201c gef\u00f6rdert. Ziel des Projekts ist die Entwicklung eines hybriden Angebotes zur Gesundheitsf\u00f6rderung in der Pflege, welches Pflegekr\u00e4fte&hellip;","protected":false},"author":1,"featured_media":0,"parent":0,"menu_order":0,"comment_status":"closed","ping_status":"closed","template":"","meta":{"footnotes":""},"class_list":["post-1823","page","type-page","status-publish","hentry"],"_links":{"self":[{"href":"https:\/\/www.care4care-trainings.de\/index.php?rest_route=\/wp\/v2\/pages\/1823","targetHints":{"allow":["GET"]}}],"collection":[{"href":"https:\/\/www.care4care-trainings.de\/index.php?rest_route=\/wp\/v2\/pages"}],"about":[{"href":"https:\/\/www.care4care-trainings.de\/index.php?rest_route=\/wp\/v2\/types\/page"}],"author":[{"embeddable":true,"href":"https:\/\/www.care4care-trainings.de\/index.php?rest_route=\/wp\/v2\/users\/1"}],"replies":[{"embeddable":true,"href":"https:\/\/www.care4care-trainings.de\/index.php?rest_route=%2Fwp%2Fv2%2Fcomments&post=1823"}],"version-history":[{"count":60,"href":"https:\/\/www.care4care-trainings.de\/index.php?rest_route=\/wp\/v2\/pages\/1823\/revisions"}],"predecessor-version":[{"id":77178,"href":"https:\/\/www.care4care-trainings.de\/index.php?rest_route=\/wp\/v2\/pages\/1823\/revisions\/77178"}],"wp:attachment":[{"href":"https:\/\/www.care4care-trainings.de\/index.php?rest_route=%2Fwp%2Fv2%2Fmedia&parent=1823"}],"curies":[{"name":"wp","href":"https:\/\/api.w.org\/{rel}","templated":true}]}}